{"id":139,"date":"2026-01-21T14:43:05","date_gmt":"2026-01-21T14:43:05","guid":{"rendered":"https:\/\/xkah.lt\/?page_id=139"},"modified":"2026-02-09T13:33:52","modified_gmt":"2026-02-09T13:33:52","slug":"kur-nusipirkti-elektronine-karscio-kamera-xkah-pro","status":"publish","type":"page","link":"https:\/\/xkah.lt\/et\/kust-osta-elektroonilist-termokaamerat-xkah-pro\/","title":{"rendered":"Kust osta XKAH PRO elektroonilist termokaamerat?"},"content":{"rendered":"<style type=\"text\/css\" data-created_by=\"avia_inline_auto\" id=\"style-css-av-mkhglpch-48970ffe9414eb3eede9986ae374ebcd\">\n#top .av-special-heading.av-mkhglpch-48970ffe9414eb3eede9986ae374ebcd{\npadding-bottom:10px;\ncolor:#0a0a0a;\n}\nbody .av-special-heading.av-mkhglpch-48970ffe9414eb3eede9986ae374ebcd .av-special-heading-tag .heading-char{\nfont-size:25px;\n}\n.av-special-heading.av-mkhglpch-48970ffe9414eb3eede9986ae374ebcd .special-heading-inner-border{\nborder-color:#0a0a0a;\n}\n.av-special-heading.av-mkhglpch-48970ffe9414eb3eede9986ae374ebcd .av-subheading{\nfont-size:15px;\n}\n<\/style>\n<div  class='av-special-heading av-mkhglpch-48970ffe9414eb3eede9986ae374ebcd av-special-heading-h1 custom-color-heading blockquote modern-quote modern-centered  avia-builder-el-0  el_before_av_section  avia-builder-el-no-sibling'><h1 class='av-special-heading-tag'  itemprop=\"headline\"  >KUST OSTA ELEKTROONILIST TERMOKAAMERAT XKAH PRO?<\/h1><div class=\"special-heading-border\"><div class=\"special-heading-inner-border\"><\/div><\/div><\/div>\n<\/div><\/div><\/div><!-- close content main div --><\/div><\/div><div id='av_section_1'  class='avia-section av-8arov-192e83d24bd639801d37bb0d11f9ce5f main_color avia-section-default avia-no-border-styling  avia-builder-el-1  el_after_av_heading  el_before_av_one_full  avia-bg-style-scroll container_wrap sidebar_right'  ><div class='container av-section-cont-open' ><div class='template-page content  av-content-small alpha units'><div class='post-entry post-entry-type-page post-entry-139'><div class='entry-content-wrapper clearfix'>\n<div  class='flex_column av-7ad4b-249a25c8df91abf25fe5e95e8c482d4c av_one_half  avia-builder-el-2  el_before_av_one_half  avia-builder-el-first  first flex_column_div'     ><style type=\"text\/css\" data-created_by=\"avia_inline_auto\" id=\"style-css-av-6xpn3-0b02aec9f5c9134d91e89b99746b004c\">\n#top .av_textblock_section.av-6xpn3-0b02aec9f5c9134d91e89b99746b004c .avia_textblock{\nfont-size:21px;\ntext-align:center;\n}\n<\/style>\n<section  class='av_textblock_section av-6xpn3-0b02aec9f5c9134d91e89b99746b004c'   itemscope=\"itemscope\" itemtype=\"https:\/\/schema.org\/CreativeWork\" ><div class='avia_textblock'  itemprop=\"text\" ><p style=\"text-align: left;\">Siin on nimekiri kohtadest, kust seda osta saab <a href=\"https:\/\/xkah.lt\/et\/\">elektrooniline termokaamera XKAH PRO<\/a>.<\/p>\n<p>Vesipiibu poe lingid:<\/p>\n<ul>\n<li style=\"text-align: left;\"><strong><a href=\"https:\/\/hookahshop.lt\/brand\/xkah\/\" target=\"_blank\" rel=\"noopener\">Hookahshop.lt<\/a><\/strong><\/li>\n<li style=\"text-align: left;\">Tavokaljanas.lt<\/li>\n<\/ul>\n<\/div><\/section><br \/>\n<div  class='avia-button-wrap av-6al5n-d193f86d21dd94a841584411f120665e-wrap avia-button-left  avia-builder-el-4  el_after_av_textblock  avia-builder-el-last'>\n<style type=\"text\/css\" data-created_by=\"avia_inline_auto\" id=\"style-css-av-6al5n-d193f86d21dd94a841584411f120665e\">\n#top #wrap_all .avia-button.av-6al5n-d193f86d21dd94a841584411f120665e{\ncolor:#6b6b6b;\nborder-radius:16px 16px 16px 16px;\nbox-shadow: 2px 2px 2px 2px #eaeaea;\ntransition:all 0.4s ease-in-out;\n}\n#top #wrap_all .avia-button.av-6al5n-d193f86d21dd94a841584411f120665e:hover{\nbackground-color:#e2e2e2;\ncolor:#6d6d6d;\ntransition:all 0.4s ease-in-out;\n}\n#top #wrap_all.avia-button.av-6al5n-d193f86d21dd94a841584411f120665e:hover .avia_button_background{\nborder-radius:16px 16px 16px 16px;\n}\n#top #wrap_all .avia-button.av-6al5n-d193f86d21dd94a841584411f120665e .avia-svg-icon svg:first-child{\nfill:#6b6b6b;\nstroke:#6b6b6b;\n}\n#top #wrap_all .avia-button.av-6al5n-d193f86d21dd94a841584411f120665e:hover .avia-svg-icon svg:first-child{\nfill:#6d6d6d;\nstroke:#6d6d6d;\n}\n<\/style>\n<a href=\"https:\/\/hookahgo.lt\" class=\"avia-button av-6al5n-d193f86d21dd94a841584411f120665e av-link-btn avia-icon_select-no avia-size-x-large avia-position-left avia-color-white\" aria-label=\"XKAH PRO RENT VILNIUSES\" target=\"_blank\" rel=\"noopener\"><span class='avia_iconbox_title' >XKAH PRO RENT VILNIUSES<\/span><\/a><\/div><\/p><\/div><div  class='flex_column av-5szqv-62262d0088ece7f52f78f1ad520c103d av_one_half  avia-builder-el-5  el_after_av_one_half  avia-builder-el-last  flex_column_div'     ><style type=\"text\/css\" data-created_by=\"avia_inline_auto\" id=\"style-css-av-hl5r-71543be0475db22be09e27913138c9c7\">\n.avia-image-container.av-hl5r-71543be0475db22be09e27913138c9c7 img.avia_image{\nbox-shadow:none;\n}\n.avia-image-container.av-hl5r-71543be0475db22be09e27913138c9c7 .av-image-caption-overlay-center{\ncolor:#ffffff;\n}\n<\/style>\n<div  class='avia-image-container av-hl5r-71543be0475db22be09e27913138c9c7 av-styling- avia-align-center  avia-builder-el-6  avia-builder-el-no-sibling'   itemprop=\"image\" itemscope=\"itemscope\" itemtype=\"https:\/\/schema.org\/ImageObject\" ><div class=\"avia-image-container-inner\"><div class=\"avia-image-overlay-wrap\"><img decoding=\"async\" fetchpriority=\"high\" class='wp-image-154 avia-img-lazy-loading-not-154 avia_image' src=\"https:\/\/xkah.lt\/wp-content\/uploads\/2026\/01\/Screenshot-2026-01-21-at-17.04.02.png\" alt='Kust osta elektroonilist termokaamerat XKAH PRO' title='Kust osta elektroonilist termokaamerat XKAH PRO'  height=\"1606\" width=\"1740\"  itemprop=\"thumbnailUrl\" srcset=\"https:\/\/xkah.lt\/wp-content\/uploads\/2026\/01\/Screenshot-2026-01-21-at-17.04.02.png 1740w, https:\/\/xkah.lt\/wp-content\/uploads\/2026\/01\/Screenshot-2026-01-21-at-17.04.02-300x277.png 300w, https:\/\/xkah.lt\/wp-content\/uploads\/2026\/01\/Screenshot-2026-01-21-at-17.04.02-1030x951.png 1030w, https:\/\/xkah.lt\/wp-content\/uploads\/2026\/01\/Screenshot-2026-01-21-at-17.04.02-768x709.png 768w, https:\/\/xkah.lt\/wp-content\/uploads\/2026\/01\/Screenshot-2026-01-21-at-17.04.02-1536x1418.png 1536w, https:\/\/xkah.lt\/wp-content\/uploads\/2026\/01\/Screenshot-2026-01-21-at-17.04.02-13x12.png 13w, https:\/\/xkah.lt\/wp-content\/uploads\/2026\/01\/Screenshot-2026-01-21-at-17.04.02-1500x1384.png 1500w, https:\/\/xkah.lt\/wp-content\/uploads\/2026\/01\/Screenshot-2026-01-21-at-17.04.02-705x651.png 705w\" sizes=\"(max-width: 1740px) 100vw, 1740px\" \/><\/div><\/div><\/div><\/div><\/div><\/div><\/div><!-- close content main div --><\/div><\/div><div id='after_section_1'  class='main_color av_default_container_wrap container_wrap sidebar_right'  ><div class='container av-section-cont-open' ><div class='template-page content  av-content-small alpha units'><div class='post-entry post-entry-type-page post-entry-139'><div class='entry-content-wrapper clearfix'><div  class='flex_column av-1bs1j-cc4d041e95e3df9a4bf8dae7d7bbb933 av_one_full  avia-builder-el-7  el_after_av_section  avia-builder-el-no-sibling  first flex_column_div'     ><p>\n<style type=\"text\/css\" data-created_by=\"avia_inline_auto\" id=\"style-css-av-mkhgfz70-adf7d6b2a378ae5206fc97e478df32b1\">\n#top .av-special-heading.av-mkhgfz70-adf7d6b2a378ae5206fc97e478df32b1{\npadding-bottom:10px;\n}\nbody .av-special-heading.av-mkhgfz70-adf7d6b2a378ae5206fc97e478df32b1 .av-special-heading-tag .heading-char{\nfont-size:25px;\n}\n.av-special-heading.av-mkhgfz70-adf7d6b2a378ae5206fc97e478df32b1 .av-subheading{\nfont-size:15px;\n}\n<\/style>\n<div  class='av-special-heading av-mkhgfz70-adf7d6b2a378ae5206fc97e478df32b1 av-special-heading-h2  avia-builder-el-8  el_before_av_textblock  avia-builder-el-first'><h2 class='av-special-heading-tag'  itemprop=\"headline\"  >KKK toote XKAH PRO kohta<\/h2><div class=\"special-heading-border\"><div class=\"special-heading-inner-border\"><\/div><\/div><\/div><br \/>\n\n<style type=\"text\/css\" data-created_by=\"avia_inline_auto\" id=\"style-css-av-mkhgh5dp-42a90c9caa06c30a5dc54268a5ccdf9f\">\n#top .av_textblock_section.av-mkhgh5dp-42a90c9caa06c30a5dc54268a5ccdf9f .avia_textblock{\nfont-size:17px;\n}\n<\/style>\n<section  class='av_textblock_section av-mkhgh5dp-42a90c9caa06c30a5dc54268a5ccdf9f'   itemscope=\"itemscope\" itemtype=\"https:\/\/schema.org\/CreativeWork\" ><div class='avia_textblock'  itemprop=\"text\" ><p><strong>Kui palju maksab XKAH PRO vesipiibukaamera?<\/strong><\/p>\n<p>Praegune soovituslik turuhind on 329 eurot.<\/p>\n<p><strong>Kas tasub kohe lisaakut osta?<\/strong><\/p>\n<p>Jah, sest XKAH PRO seadme kasutamisel on teil v\u00e4hem muresid.<\/p>\n<p><strong>Kuidas kontrollida, kas toode on originaal?<\/strong><\/p>\n<p>XKAH.US-il on toote autentsuse kontrollimise leht \u2013 <a href=\"https:\/\/xkah.us\/pages\/product-authentication\" target=\"_blank\" rel=\"noopener\">Kontrolli toote originaalsust siit.<\/a><\/p>\n<p><strong>Kuidas XKAH-iga \u00fchendust v\u00f5tta?<\/strong><\/p>\n<p>V\u00f5ite meiega \u00fchendust v\u00f5tta e-posti teel. <a href=\"mailto:info@xkah.us\">info@xkah.us<\/a> v\u00f5i <a href=\"https:\/\/xkah.us\/pages\/contact\" target=\"_blank\" rel=\"noopener\">kontaktides<\/a>.<\/p>\n<\/div><\/section><\/p><\/div><\/p>","protected":false},"excerpt":{"rendered":"","protected":false},"author":1,"featured_media":154,"parent":0,"menu_order":0,"comment_status":"closed","ping_status":"closed","template":"","meta":{"footnotes":""},"class_list":["post-139","page","type-page","status-publish","has-post-thumbnail","hentry"],"_hostinger_reach_plugin_has_subscription_block":false,"_hostinger_reach_plugin_is_elementor":false,"_links":{"self":[{"href":"https:\/\/xkah.lt\/et\/wp-json\/wp\/v2\/pages\/139","targetHints":{"allow":["GET"]}}],"collection":[{"href":"https:\/\/xkah.lt\/et\/wp-json\/wp\/v2\/pages"}],"about":[{"href":"https:\/\/xkah.lt\/et\/wp-json\/wp\/v2\/types\/page"}],"author":[{"embeddable":true,"href":"https:\/\/xkah.lt\/et\/wp-json\/wp\/v2\/users\/1"}],"replies":[{"embeddable":true,"href":"https:\/\/xkah.lt\/et\/wp-json\/wp\/v2\/comments?post=139"}],"version-history":[{"count":12,"href":"https:\/\/xkah.lt\/et\/wp-json\/wp\/v2\/pages\/139\/revisions"}],"predecessor-version":[{"id":205,"href":"https:\/\/xkah.lt\/et\/wp-json\/wp\/v2\/pages\/139\/revisions\/205"}],"wp:featuredmedia":[{"embeddable":true,"href":"https:\/\/xkah.lt\/et\/wp-json\/wp\/v2\/media\/154"}],"wp:attachment":[{"href":"https:\/\/xkah.lt\/et\/wp-json\/wp\/v2\/media?parent=139"}],"curies":[{"name":"wp","href":"https:\/\/api.w.org\/{rel}","templated":true}]}}