{"id":149,"date":"2026-01-21T14:56:29","date_gmt":"2026-01-21T14:56:29","guid":{"rendered":"https:\/\/xkah.lt\/?page_id=149"},"modified":"2026-01-21T18:11:47","modified_gmt":"2026-01-21T18:11:47","slug":"kur-isbandyti-xkah-pro-karscio-kamera","status":"publish","type":"page","link":"https:\/\/xkah.lt\/et\/kus-proovida-xkahi-labi-kuumkambri\/","title":{"rendered":"Kur i\u0161bandyti XKAH PRO kar\u0161\u010dio kamera?"},"content":{"rendered":"<style type=\"text\/css\" data-created_by=\"avia_inline_auto\" id=\"style-css-av-18olu5-a87e90e42c0356453851ca974e83993b\">\n#top .av-special-heading.av-18olu5-a87e90e42c0356453851ca974e83993b{\npadding-bottom:10px;\ncolor:#0a0a0a;\n}\nbody .av-special-heading.av-18olu5-a87e90e42c0356453851ca974e83993b .av-special-heading-tag .heading-char{\nfont-size:25px;\n}\n.av-special-heading.av-18olu5-a87e90e42c0356453851ca974e83993b .special-heading-inner-border{\nborder-color:#0a0a0a;\n}\n.av-special-heading.av-18olu5-a87e90e42c0356453851ca974e83993b .av-subheading{\nfont-size:15px;\n}\n<\/style>\n<div  class='av-special-heading av-18olu5-a87e90e42c0356453851ca974e83993b av-special-heading-h1 custom-color-heading blockquote modern-quote modern-centered  avia-builder-el-0  el_before_av_section  avia-builder-el-no-sibling'><h1 class='av-special-heading-tag'  itemprop=\"headline\"  >KUS XKAH PRO SOOJUSKAAMERAT PROOVIDA?<\/h1><div class=\"special-heading-border\"><div class=\"special-heading-inner-border\"><\/div><\/div><\/div>\n<\/div><\/div><\/div><!-- close content main div --><\/div><\/div><div id='av_section_1'  class='avia-section av-3wkat-a377c8f87c80d1c472d0fd61e955900f main_color avia-section-default avia-no-border-styling  avia-builder-el-1  el_after_av_heading  avia-builder-el-last  avia-bg-style-scroll container_wrap sidebar_right'  ><div class='container av-section-cont-open' ><div class='template-page content  av-content-small alpha units'><div class='post-entry post-entry-type-page post-entry-149'><div class='entry-content-wrapper clearfix'>\n<div  class='flex_column av-vrvwd-c75db53d3ae0e2a718331f2c54e029e6 av_one_half  avia-builder-el-2  el_before_av_one_half  avia-builder-el-first  first flex_column_div'     ><style type=\"text\/css\" data-created_by=\"avia_inline_auto\" id=\"style-css-av-qsf91-adcaf746235a5e402d0e216284c901d1\">\n#top .av_textblock_section.av-qsf91-adcaf746235a5e402d0e216284c901d1 .avia_textblock{\nfont-size:21px;\ntext-align:center;\n}\n<\/style>\n<section  class='av_textblock_section av-qsf91-adcaf746235a5e402d0e216284c901d1'   itemscope=\"itemscope\" itemtype=\"https:\/\/schema.org\/CreativeWork\" ><div class='avia_textblock'  itemprop=\"text\" ><p style=\"text-align: left;\">Proovi j\u00e4rele <a href=\"https:\/\/xkah.lt\/et\/\">Elektrooniline mandrelkaamera XKAH PRO<\/a> Praegu saab seda teha Leedus ja L\u00e4tis.<\/p>\n<p style=\"text-align: left;\"><em><strong>Vilniuses<\/strong><\/em><\/p>\n<p style=\"text-align: left;\"><a href=\"https:\/\/kaljanubaras.lt\" target=\"_blank\" rel=\"noopener\">Vesipiibubaar Vilniuses \u2013 Kedr\u0173 g. 3 \u2013 Ainult broneerimisel<\/a><\/p>\n<p style=\"text-align: left;\">Epa vesipiibu lounge - J. Jasinskio tn. 6<\/p>\n<p style=\"text-align: left;\">Vesipiibubaar R\u016bkas \u2013 J. Basanavi\u010diause tn. 31<\/p>\n<p style=\"text-align: left;\"><em><strong>Kaunases<\/strong><\/em><\/p>\n<p style=\"text-align: left;\">7miglos Kaunas \u2013 Baltijos tn 5a<\/p>\n<p style=\"text-align: left;\"><em><strong>L\u00e4tis<\/strong><\/em><\/p>\n<p style=\"text-align: left;\">THC tee ja vesipiibu klubi - Maz\u0101 Smil\u0161u iela 13, Riia<\/p>\n<\/div><\/section><br \/>\n<div  class='avia-button-wrap av-iozql-b6dd7e9ad566ea1e1366877eace8a9aa-wrap avia-button-left  avia-builder-el-4  el_after_av_textblock  avia-builder-el-last'>\n<style type=\"text\/css\" data-created_by=\"avia_inline_auto\" id=\"style-css-av-iozql-b6dd7e9ad566ea1e1366877eace8a9aa\">\n#top #wrap_all .avia-button.av-iozql-b6dd7e9ad566ea1e1366877eace8a9aa{\ncolor:#6b6b6b;\nborder-radius:16px 16px 16px 16px;\nbox-shadow: 2px 2px 2px 2px #eaeaea;\ntransition:all 0.4s ease-in-out;\n}\n#top #wrap_all .avia-button.av-iozql-b6dd7e9ad566ea1e1366877eace8a9aa:hover{\nbackground-color:#e2e2e2;\ncolor:#6d6d6d;\ntransition:all 0.4s ease-in-out;\n}\n#top #wrap_all.avia-button.av-iozql-b6dd7e9ad566ea1e1366877eace8a9aa:hover .avia_button_background{\nborder-radius:16px 16px 16px 16px;\n}\n#top #wrap_all .avia-button.av-iozql-b6dd7e9ad566ea1e1366877eace8a9aa .avia-svg-icon svg:first-child{\nfill:#6b6b6b;\nstroke:#6b6b6b;\n}\n#top #wrap_all .avia-button.av-iozql-b6dd7e9ad566ea1e1366877eace8a9aa:hover .avia-svg-icon svg:first-child{\nfill:#6d6d6d;\nstroke:#6d6d6d;\n}\n<\/style>\n<a href=\"https:\/\/kaljanubaras.lt\" class=\"avia-button av-iozql-b6dd7e9ad566ea1e1366877eace8a9aa av-link-btn avia-icon_select-no avia-size-x-large avia-position-left avia-color-white\" aria-label=\"Broneeri k\u00fclastus Hookah Lounge Vilniusesse\" target=\"_blank\" rel=\"noopener\"><span class='avia_iconbox_title' >Broneeri k\u00fclastus Hookah Lounge Vilniusesse<\/span><\/a><\/div><\/p><\/div><div  class='flex_column av-e6xmt-ac24339caaf1465ed2f67e326e42063e av_one_half  avia-builder-el-5  el_after_av_one_half  avia-builder-el-last  flex_column_div'     ><style type=\"text\/css\" data-created_by=\"avia_inline_auto\" id=\"style-css-av-9ttrp-6319e700e596c0d96c96c1bf7e0d6f4f\">\n.avia-image-container.av-9ttrp-6319e700e596c0d96c96c1bf7e0d6f4f img.avia_image{\nbox-shadow:none;\n}\n.avia-image-container.av-9ttrp-6319e700e596c0d96c96c1bf7e0d6f4f .av-image-caption-overlay-center{\ncolor:#ffffff;\n}\n<\/style>\n<div  class='avia-image-container av-9ttrp-6319e700e596c0d96c96c1bf7e0d6f4f av-styling- avia-align-center  avia-builder-el-6  avia-builder-el-no-sibling'   itemprop=\"image\" itemscope=\"itemscope\" itemtype=\"https:\/\/schema.org\/ImageObject\" ><div class=\"avia-image-container-inner\"><div class=\"avia-image-overlay-wrap\"><img decoding=\"async\" fetchpriority=\"high\" class='wp-image-155 avia-img-lazy-loading-not-155 avia_image' src=\"https:\/\/xkah.lt\/wp-content\/uploads\/2026\/01\/Screenshot-2026-01-21-at-17.03.30.png\" alt='Kus XKAH PRO termokaamerat proovida' title='Kus XKAH PRO termokaamerat proovida'  height=\"1740\" width=\"1742\"  itemprop=\"thumbnailUrl\" srcset=\"https:\/\/xkah.lt\/wp-content\/uploads\/2026\/01\/Screenshot-2026-01-21-at-17.03.30.png 1742w, https:\/\/xkah.lt\/wp-content\/uploads\/2026\/01\/Screenshot-2026-01-21-at-17.03.30-300x300.png 300w, https:\/\/xkah.lt\/wp-content\/uploads\/2026\/01\/Screenshot-2026-01-21-at-17.03.30-1030x1030.png 1030w, https:\/\/xkah.lt\/wp-content\/uploads\/2026\/01\/Screenshot-2026-01-21-at-17.03.30-80x80.png 80w, https:\/\/xkah.lt\/wp-content\/uploads\/2026\/01\/Screenshot-2026-01-21-at-17.03.30-768x767.png 768w, https:\/\/xkah.lt\/wp-content\/uploads\/2026\/01\/Screenshot-2026-01-21-at-17.03.30-1536x1534.png 1536w, https:\/\/xkah.lt\/wp-content\/uploads\/2026\/01\/Screenshot-2026-01-21-at-17.03.30-12x12.png 12w, https:\/\/xkah.lt\/wp-content\/uploads\/2026\/01\/Screenshot-2026-01-21-at-17.03.30-36x36.png 36w, https:\/\/xkah.lt\/wp-content\/uploads\/2026\/01\/Screenshot-2026-01-21-at-17.03.30-180x180.png 180w, https:\/\/xkah.lt\/wp-content\/uploads\/2026\/01\/Screenshot-2026-01-21-at-17.03.30-1500x1498.png 1500w, https:\/\/xkah.lt\/wp-content\/uploads\/2026\/01\/Screenshot-2026-01-21-at-17.03.30-705x705.png 705w\" sizes=\"(max-width: 1742px) 100vw, 1742px\" \/><\/div><\/div><\/div><\/div><\/div><\/div><\/div><!-- close content main div --><\/div><\/div><div id='after_section_1'  class='main_color av_default_container_wrap container_wrap sidebar_right'  ><div class='container av-section-cont-open' ><div class='template-page content  av-content-small alpha units'><div class='post-entry post-entry-type-page post-entry-149'><div class='entry-content-wrapper clearfix'>","protected":false},"excerpt":{"rendered":"","protected":false},"author":1,"featured_media":155,"parent":0,"menu_order":0,"comment_status":"closed","ping_status":"closed","template":"","meta":{"footnotes":""},"class_list":["post-149","page","type-page","status-publish","has-post-thumbnail","hentry"],"_hostinger_reach_plugin_has_subscription_block":false,"_hostinger_reach_plugin_is_elementor":false,"_links":{"self":[{"href":"https:\/\/xkah.lt\/et\/wp-json\/wp\/v2\/pages\/149","targetHints":{"allow":["GET"]}}],"collection":[{"href":"https:\/\/xkah.lt\/et\/wp-json\/wp\/v2\/pages"}],"about":[{"href":"https:\/\/xkah.lt\/et\/wp-json\/wp\/v2\/types\/page"}],"author":[{"embeddable":true,"href":"https:\/\/xkah.lt\/et\/wp-json\/wp\/v2\/users\/1"}],"replies":[{"embeddable":true,"href":"https:\/\/xkah.lt\/et\/wp-json\/wp\/v2\/comments?post=149"}],"version-history":[{"count":10,"href":"https:\/\/xkah.lt\/et\/wp-json\/wp\/v2\/pages\/149\/revisions"}],"predecessor-version":[{"id":171,"href":"https:\/\/xkah.lt\/et\/wp-json\/wp\/v2\/pages\/149\/revisions\/171"}],"wp:featuredmedia":[{"embeddable":true,"href":"https:\/\/xkah.lt\/et\/wp-json\/wp\/v2\/media\/155"}],"wp:attachment":[{"href":"https:\/\/xkah.lt\/et\/wp-json\/wp\/v2\/media?parent=149"}],"curies":[{"name":"wp","href":"https:\/\/api.w.org\/{rel}","templated":true}]}}