{"id":105,"date":"2026-01-16T22:49:52","date_gmt":"2026-01-16T22:49:52","guid":{"rendered":"https:\/\/xkah.lt\/?page_id=105"},"modified":"2026-02-18T12:10:50","modified_gmt":"2026-02-18T12:10:50","slug":"xkah-karscio-kameros-naudojimo-instrukcija","status":"publish","type":"page","link":"https:\/\/xkah.lt\/lv\/xkah-siltuma-kameras-lietotaja-rokasgramata\/","title":{"rendered":"XKAH PRO termisk\u0101s att\u0113lveido\u0161anas kameras lietot\u0101ja rokasgr\u0101mata"},"content":{"rendered":"<style type=\"text\/css\" data-created_by=\"avia_inline_auto\" id=\"style-css-av-28mprl-54834acdf49a84564f42520d9ba596c1\">\n#top .av-special-heading.av-28mprl-54834acdf49a84564f42520d9ba596c1{\npadding-bottom:10px;\ncolor:#0a0a0a;\n}\nbody .av-special-heading.av-28mprl-54834acdf49a84564f42520d9ba596c1 .av-special-heading-tag .heading-char{\nfont-size:25px;\n}\n.av-special-heading.av-28mprl-54834acdf49a84564f42520d9ba596c1 .special-heading-inner-border{\nborder-color:#0a0a0a;\n}\n.av-special-heading.av-28mprl-54834acdf49a84564f42520d9ba596c1 .av-subheading{\nfont-size:15px;\n}\n<\/style>\n<div  class='av-special-heading av-28mprl-54834acdf49a84564f42520d9ba596c1 av-special-heading-h1 custom-color-heading blockquote modern-quote modern-centered  avia-builder-el-0  el_before_av_hr  avia-builder-el-first'><h1 class='av-special-heading-tag'  itemprop=\"headline\"  >INSTRUKCIJA PAR XKAH PRO TERMOKAMERAS LIETO\u0160ANU<\/h1><div class=\"special-heading-border\"><div class=\"special-heading-inner-border\"><\/div><\/div><\/div>\n\n<style type=\"text\/css\" data-created_by=\"avia_inline_auto\" id=\"style-css-av-mkhh2i5i-e718f6687129b91a035dffece5027889\">\n#top .hr.hr-invisible.av-mkhh2i5i-e718f6687129b91a035dffece5027889{\nheight:40px;\n}\n<\/style>\n<div  class='hr av-mkhh2i5i-e718f6687129b91a035dffece5027889 hr-invisible  avia-builder-el-1  el_after_av_heading  el_before_av_one_third'><span class='hr-inner'><span class=\"hr-inner-style\"><\/span><\/span><\/div>\n\n<style type=\"text\/css\" data-created_by=\"avia_inline_auto\" id=\"style-css-av-1eu0hd-c2acdea167ffa059d857fe2ccfb4c0a6\">\n.flex_column.av-1eu0hd-c2acdea167ffa059d857fe2ccfb4c0a6{\nwidth:31.333333333333%;\n}\n<\/style>\n<div  class='flex_column av-1eu0hd-c2acdea167ffa059d857fe2ccfb4c0a6 av_one_third  avia-builder-el-2  el_after_av_hr  el_before_av_one_third  first flex_column_div'     ><div  class='avia-video av-17kftd-689d83c882ab32c46b567aebeb6ceec6 avia-video-16-9 av-html5-fullscreen-btn av-no-preview-image avia-video-load-always avia-video-html5'  itemprop=\"video\" itemtype=\"https:\/\/schema.org\/VideoObject\"  data-original_url='https:\/\/xkah.lt\/wp-content\/uploads\/2026\/01\/xkah-karscio-kameros-ispakavimas.mp4'><video class='avia_video'    preload=\"auto\"  controls id='player_105_868803062_530076677'><source src='https:\/\/xkah.lt\/wp-content\/uploads\/2026\/01\/xkah-karscio-kameros-ispakavimas.mp4' type='video\/mp4' \/><\/video><\/div><\/div>\n\n<style type=\"text\/css\" data-created_by=\"avia_inline_auto\" id=\"style-css-av-10k2xt-8e02ee0b6a7a9d5422281f778d935679\">\n.flex_column.av-10k2xt-8e02ee0b6a7a9d5422281f778d935679{\nwidth:31.333333333333%;\nmargin-left:3%;\n}\n<\/style>\n<div  class='flex_column av-10k2xt-8e02ee0b6a7a9d5422281f778d935679 av_one_third  avia-builder-el-4  el_after_av_one_third  el_before_av_one_third  flex_column_div'     ><div  class='avia-video av-yf4vl-3225ce42876d4229ab1ae8ec7f3bd6bb avia-video-16-9 av-html5-fullscreen-btn av-no-preview-image avia-video-load-always avia-video-html5'  itemprop=\"video\" itemtype=\"https:\/\/schema.org\/VideoObject\"  data-original_url='https:\/\/xkah.lt\/wp-content\/uploads\/2026\/01\/kaip-naudosi-xkah-karscio-kamera.mp4'><video class='avia_video'    preload=\"auto\"  controls id='player_105_414297150_1964809135'><source src='https:\/\/xkah.lt\/wp-content\/uploads\/2026\/01\/kaip-naudosi-xkah-karscio-kamera.mp4' type='video\/mp4' \/><\/video><\/div><\/div>\n\n<style type=\"text\/css\" data-created_by=\"avia_inline_auto\" id=\"style-css-av-s1lrd-db5e9c8891ad1458c9c5cacb50c3ec18\">\n.flex_column.av-s1lrd-db5e9c8891ad1458c9c5cacb50c3ec18{\nwidth:31.333333333333%;\nmargin-left:3%;\n}\n<\/style>\n<div  class='flex_column av-s1lrd-db5e9c8891ad1458c9c5cacb50c3ec18 av_one_third  avia-builder-el-6  el_after_av_one_third  el_before_av_one_full  flex_column_div'     ><div  class='avia-video av-ndgip-cf406e8bb802747ed967dab33a0ae4ec avia-video-16-9 av-html5-fullscreen-btn av-no-preview-image avia-video-load-always avia-video-html5'  itemprop=\"video\" itemtype=\"https:\/\/schema.org\/VideoObject\"  data-original_url='https:\/\/xkah.lt\/wp-content\/uploads\/2026\/01\/kaip-valyti-xkah-karscio-kamera.mp4'><video class='avia_video'    preload=\"auto\"  controls id='player_105_200420849_749741349'><source src='https:\/\/xkah.lt\/wp-content\/uploads\/2026\/01\/kaip-valyti-xkah-karscio-kamera.mp4' type='video\/mp4' \/><\/video><\/div><\/div>\n<div  class='flex_column av-ef21d-25cfdb87fcd92f5e5acf3aec0c58d600 av_one_full  avia-builder-el-8  el_after_av_one_third  avia-builder-el-last  first flex_column_div  column-top-margin'     ><p>\n<style type=\"text\/css\" data-created_by=\"avia_inline_auto\" id=\"style-css-av-mkhh109f-94aa10fbdd982d2c9fddd5bfc730cf19\">\n#top .av-special-heading.av-mkhh109f-94aa10fbdd982d2c9fddd5bfc730cf19{\npadding-bottom:10px;\n}\nbody .av-special-heading.av-mkhh109f-94aa10fbdd982d2c9fddd5bfc730cf19 .av-special-heading-tag .heading-char{\nfont-size:25px;\n}\n.av-special-heading.av-mkhh109f-94aa10fbdd982d2c9fddd5bfc730cf19 .av-subheading{\nfont-size:15px;\n}\n<\/style>\n<div  class='av-special-heading av-mkhh109f-94aa10fbdd982d2c9fddd5bfc730cf19 av-special-heading-h2  avia-builder-el-9  el_before_av_textblock  avia-builder-el-first'><h2 class='av-special-heading-tag'  itemprop=\"headline\"  >Bie\u017ei uzdotie jaut\u0101jumi par siltuma kameras lieto\u0161anu<\/h2><div class=\"special-heading-border\"><div class=\"special-heading-inner-border\"><\/div><\/div><\/div><br \/>\n\n<style type=\"text\/css\" data-created_by=\"avia_inline_auto\" id=\"style-css-av-b7egh-2ac71217b62e344d5ab9316a62a7dc9e\">\n#top .av_textblock_section.av-b7egh-2ac71217b62e344d5ab9316a62a7dc9e .avia_textblock{\nfont-size:17px;\n}\n<\/style>\n<section  class='av_textblock_section av-b7egh-2ac71217b62e344d5ab9316a62a7dc9e'   itemscope=\"itemscope\" itemtype=\"https:\/\/schema.org\/CreativeWork\" ><div class='avia_textblock'  itemprop=\"text\" ><p><b>K\u0101di ir da\u017ei padomi no XKAH PRO elektronisko termokameru lietot\u0101jiem?<\/b><\/p>\n<p>Ieteicama saus\u0101ka tabaka ar ne p\u0101r\u0101k daudz melases.<\/p>\n<p><strong>Cik daudz tabakas ietilpst \u016bdensp\u012bpes sild\u012b\u0161anas kameras kr\u016bz\u012bt\u0113?<\/strong><\/p>\n<p>Vid\u0113ji ner\u016bs\u0113jo\u0161\u0101 t\u0113rauda kr\u016bz\u012bt\u0113 ieteicams pievienot 8 l\u012bdz 10 g \u016bdensp\u012bpes tabakas.<\/p>\n<p><strong>K\u0101ds re\u017e\u012bms b\u016btu vislab\u0101kais pieredz\u0113ju\u0161am lietot\u0101jam?<\/strong><\/p>\n<p>Piel\u0101gotais re\u017e\u012bms ir ieteicams pieredz\u0113ju\u0161iem lietot\u0101jiem.<\/p>\n<p><strong>K\u0101das temperat\u016bras b\u016btu ieteicamas?<\/strong><\/p>\n<p>Kars\u0113\u0161anai iesak\u0101m s\u0101kt ar 295 \u00b0C un vienm\u0113r\u012bgai sm\u0113\u0137\u0113\u0161anai ar 265 \u00b0C vai 245 \u00b0C atkar\u012bb\u0101 no tabakas.<\/p>\n<\/div><\/section><\/p><\/div>","protected":false},"excerpt":{"rendered":"","protected":false},"author":1,"featured_media":22,"parent":0,"menu_order":0,"comment_status":"closed","ping_status":"closed","template":"","meta":{"footnotes":""},"class_list":["post-105","page","type-page","status-publish","has-post-thumbnail","hentry"],"_hostinger_reach_plugin_has_subscription_block":false,"_hostinger_reach_plugin_is_elementor":false,"_links":{"self":[{"href":"https:\/\/xkah.lt\/lv\/wp-json\/wp\/v2\/pages\/105","targetHints":{"allow":["GET"]}}],"collection":[{"href":"https:\/\/xkah.lt\/lv\/wp-json\/wp\/v2\/pages"}],"about":[{"href":"https:\/\/xkah.lt\/lv\/wp-json\/wp\/v2\/types\/page"}],"author":[{"embeddable":true,"href":"https:\/\/xkah.lt\/lv\/wp-json\/wp\/v2\/users\/1"}],"replies":[{"embeddable":true,"href":"https:\/\/xkah.lt\/lv\/wp-json\/wp\/v2\/comments?post=105"}],"version-history":[{"count":13,"href":"https:\/\/xkah.lt\/lv\/wp-json\/wp\/v2\/pages\/105\/revisions"}],"predecessor-version":[{"id":207,"href":"https:\/\/xkah.lt\/lv\/wp-json\/wp\/v2\/pages\/105\/revisions\/207"}],"wp:featuredmedia":[{"embeddable":true,"href":"https:\/\/xkah.lt\/lv\/wp-json\/wp\/v2\/media\/22"}],"wp:attachment":[{"href":"https:\/\/xkah.lt\/lv\/wp-json\/wp\/v2\/media?parent=105"}],"curies":[{"name":"wp","href":"https:\/\/api.w.org\/{rel}","templated":true}]}}