{"id":75,"date":"2026-01-16T17:20:42","date_gmt":"2026-01-16T17:20:42","guid":{"rendered":"https:\/\/xkah.lt\/?page_id=75"},"modified":"2026-01-22T11:37:38","modified_gmt":"2026-01-22T11:37:38","slug":"tarpautine-xkah-pro-garantija","status":"publish","type":"page","link":"https:\/\/xkah.lt\/pl\/miedzynarodowa-gwarancja-xkah-pro\/","title":{"rendered":"XKAH PRO Garantija ir s\u0105lygos"},"content":{"rendered":"<style type=\"text\/css\" data-created_by=\"avia_inline_auto\" id=\"style-css-av-mkhglpch-05ad89bc4e88ec4029b2fc997e0e87c0\">\n#top .av-special-heading.av-mkhglpch-05ad89bc4e88ec4029b2fc997e0e87c0{\npadding-bottom:10px;\ncolor:#0a0a0a;\n}\nbody .av-special-heading.av-mkhglpch-05ad89bc4e88ec4029b2fc997e0e87c0 .av-special-heading-tag .heading-char{\nfont-size:25px;\n}\n.av-special-heading.av-mkhglpch-05ad89bc4e88ec4029b2fc997e0e87c0 .special-heading-inner-border{\nborder-color:#0a0a0a;\n}\n.av-special-heading.av-mkhglpch-05ad89bc4e88ec4029b2fc997e0e87c0 .av-subheading{\nfont-size:15px;\n}\n<\/style>\n<div  class='av-special-heading av-mkhglpch-05ad89bc4e88ec4029b2fc997e0e87c0 av-special-heading-h1 custom-color-heading blockquote modern-quote modern-centered  avia-builder-el-0  el_before_av_section  avia-builder-el-no-sibling'><h1 class='av-special-heading-tag'  itemprop=\"headline\"  >MI\u0118DZYNARODOWA GWARANCJA XKAH PRO XKAH.US<\/h1><div class=\"special-heading-border\"><div class=\"special-heading-inner-border\"><\/div><\/div><\/div>\n<\/div><\/div><\/div><!-- close content main div --><\/div><\/div><div id='av_section_1'  class='avia-section av-8arov-192e83d24bd639801d37bb0d11f9ce5f main_color avia-section-default avia-no-border-styling  avia-builder-el-1  el_after_av_heading  el_before_av_one_full  avia-bg-style-scroll container_wrap sidebar_right'  ><div class='container av-section-cont-open' ><div class='template-page content  av-content-small alpha units'><div class='post-entry post-entry-type-page post-entry-75'><div class='entry-content-wrapper clearfix'>\n<div  class='flex_column av-7ad4b-249a25c8df91abf25fe5e95e8c482d4c av_one_half  avia-builder-el-2  el_before_av_one_half  avia-builder-el-first  first flex_column_div'     ><style type=\"text\/css\" data-created_by=\"avia_inline_auto\" id=\"style-css-av-6xpn3-0b02aec9f5c9134d91e89b99746b004c\">\n#top .av_textblock_section.av-6xpn3-0b02aec9f5c9134d91e89b99746b004c .avia_textblock{\nfont-size:21px;\ntext-align:center;\n}\n<\/style>\n<section  class='av_textblock_section av-6xpn3-0b02aec9f5c9134d91e89b99746b004c'   itemscope=\"itemscope\" itemtype=\"https:\/\/schema.org\/CreativeWork\" ><div class='avia_textblock'  itemprop=\"text\" ><p style=\"text-align: left;\">Przed zarejestrowaniem gwarancji<br \/>\nNale\u017cy pami\u0119ta\u0107, \u017ce uszkodzenia lub awarie spowodowane niew\u0142a\u015bciwym u\u017cytkowaniem, nadu\u017cyciem lub nieodpowiednim czyszczeniem i konserwacj\u0105 urz\u0105dzenia mog\u0105 mie\u0107 wp\u0142yw na jego wydajno\u015b\u0107 i nie s\u0105 obj\u0119te gwarancj\u0105.<\/p>\n<\/div><\/section><br \/>\n<div  class='avia-button-wrap av-6al5n-57edd55caa49d4c0df6a8d4813ace028-wrap avia-button-left  avia-builder-el-4  el_after_av_textblock  avia-builder-el-last'>\n<style type=\"text\/css\" data-created_by=\"avia_inline_auto\" id=\"style-css-av-6al5n-57edd55caa49d4c0df6a8d4813ace028\">\n#top #wrap_all .avia-button.av-6al5n-57edd55caa49d4c0df6a8d4813ace028{\ncolor:#6b6b6b;\nborder-radius:16px 16px 16px 16px;\nbox-shadow: 2px 2px 2px 2px #eaeaea;\ntransition:all 0.4s ease-in-out;\n}\n#top #wrap_all .avia-button.av-6al5n-57edd55caa49d4c0df6a8d4813ace028:hover{\nbackground-color:#e2e2e2;\ncolor:#6d6d6d;\ntransition:all 0.4s ease-in-out;\n}\n#top #wrap_all.avia-button.av-6al5n-57edd55caa49d4c0df6a8d4813ace028:hover .avia_button_background{\nborder-radius:16px 16px 16px 16px;\n}\n#top #wrap_all .avia-button.av-6al5n-57edd55caa49d4c0df6a8d4813ace028 .avia-svg-icon svg:first-child{\nfill:#6b6b6b;\nstroke:#6b6b6b;\n}\n#top #wrap_all .avia-button.av-6al5n-57edd55caa49d4c0df6a8d4813ace028:hover .avia-svg-icon svg:first-child{\nfill:#6d6d6d;\nstroke:#6d6d6d;\n}\n<\/style>\n<a href=\"https:\/\/xkah.us\/pages\/support\" class=\"avia-button av-6al5n-57edd55caa49d4c0df6a8d4813ace028 av-link-btn avia-icon_select-no avia-size-x-large avia-position-left avia-color-white\" aria-label=\"Formularz gwarancyjny\" target=\"_blank\" rel=\"noopener\"><span class='avia_iconbox_title' >Formularz gwarancyjny<\/span><\/a><\/div><\/p><\/div><div  class='flex_column av-5szqv-62262d0088ece7f52f78f1ad520c103d av_one_half  avia-builder-el-5  el_after_av_one_half  el_before_av_one_full  flex_column_div'     ><style type=\"text\/css\" data-created_by=\"avia_inline_auto\" id=\"style-css-av-hl5r-0e454d1d989ae4a2994acd660ebe1912\">\n.avia-image-container.av-hl5r-0e454d1d989ae4a2994acd660ebe1912 img.avia_image{\nbox-shadow:none;\n}\n.avia-image-container.av-hl5r-0e454d1d989ae4a2994acd660ebe1912 .av-image-caption-overlay-center{\ncolor:#ffffff;\n}\n<\/style>\n<div  class='avia-image-container av-hl5r-0e454d1d989ae4a2994acd660ebe1912 av-styling- avia-align-center  avia-builder-el-6  avia-builder-el-no-sibling'   itemprop=\"image\" itemscope=\"itemscope\" itemtype=\"https:\/\/schema.org\/ImageObject\" ><div class=\"avia-image-container-inner\"><div class=\"avia-image-overlay-wrap\"><img decoding=\"async\" fetchpriority=\"high\" class='wp-image-30 avia-img-lazy-loading-not-30 avia_image' src=\"https:\/\/xkah.lt\/wp-content\/uploads\/2026\/01\/elektronine-karscio-kamera-xkah-pro.webp\" alt='Gwarancja XKAH PRO' title='Gwarancja XKAH PRO'  height=\"1908\" width=\"1908\"  itemprop=\"thumbnailUrl\" srcset=\"https:\/\/xkah.lt\/wp-content\/uploads\/2026\/01\/elektronine-karscio-kamera-xkah-pro.webp 1908w, https:\/\/xkah.lt\/wp-content\/uploads\/2026\/01\/elektronine-karscio-kamera-xkah-pro-300x300.webp 300w, https:\/\/xkah.lt\/wp-content\/uploads\/2026\/01\/elektronine-karscio-kamera-xkah-pro-1030x1030.webp 1030w, https:\/\/xkah.lt\/wp-content\/uploads\/2026\/01\/elektronine-karscio-kamera-xkah-pro-80x80.webp 80w, https:\/\/xkah.lt\/wp-content\/uploads\/2026\/01\/elektronine-karscio-kamera-xkah-pro-768x768.webp 768w, https:\/\/xkah.lt\/wp-content\/uploads\/2026\/01\/elektronine-karscio-kamera-xkah-pro-1536x1536.webp 1536w, https:\/\/xkah.lt\/wp-content\/uploads\/2026\/01\/elektronine-karscio-kamera-xkah-pro-36x36.webp 36w, https:\/\/xkah.lt\/wp-content\/uploads\/2026\/01\/elektronine-karscio-kamera-xkah-pro-180x180.webp 180w, https:\/\/xkah.lt\/wp-content\/uploads\/2026\/01\/elektronine-karscio-kamera-xkah-pro-1500x1500.webp 1500w, https:\/\/xkah.lt\/wp-content\/uploads\/2026\/01\/elektronine-karscio-kamera-xkah-pro-705x705.webp 705w\" sizes=\"(max-width: 1908px) 100vw, 1908px\" \/><\/div><\/div><\/div><\/div>\n<style type=\"text\/css\" data-created_by=\"avia_inline_auto\" id=\"style-css-av-38qrb-1bc032948cf8257ecc051a08414c12c4\">\n.flex_column.av-38qrb-1bc032948cf8257ecc051a08414c12c4{\npadding:10px 10px 10px 10px;\n}\n<\/style>\n<div  class='flex_column av-38qrb-1bc032948cf8257ecc051a08414c12c4 av_one_full  avia-builder-el-7  el_after_av_one_half  el_before_av_one_half  first flex_column_div  column-top-margin'     ><p>\n<style type=\"text\/css\" data-created_by=\"avia_inline_auto\" id=\"style-css-av-24847-b528f6245e76fd13398ee3160b19061e\">\n#top .av-special-heading.av-24847-b528f6245e76fd13398ee3160b19061e{\npadding-bottom:10px;\n}\nbody .av-special-heading.av-24847-b528f6245e76fd13398ee3160b19061e .av-special-heading-tag .heading-char{\nfont-size:25px;\n}\n.av-special-heading.av-24847-b528f6245e76fd13398ee3160b19061e .av-subheading{\nfont-size:15px;\n}\n<\/style>\n<div  class='av-special-heading av-24847-b528f6245e76fd13398ee3160b19061e av-special-heading-h2  avia-builder-el-8  el_before_av_textblock  avia-builder-el-first'><h2 class='av-special-heading-tag'  itemprop=\"headline\"  >Wskaz\u00f3wki dotycz\u0105ce u\u017cytkowania<\/h2><div class=\"special-heading-border\"><div class=\"special-heading-inner-border\"><\/div><\/div><\/div><br \/>\n\n<style type=\"text\/css\" data-created_by=\"avia_inline_auto\" id=\"style-css-av-1b1qb-a6d323ae6593c22b77347c363c200afd\">\n#top .av_textblock_section.av-1b1qb-a6d323ae6593c22b77347c363c200afd .avia_textblock{\nfont-size:17px;\n}\n<\/style>\n<section  class='av_textblock_section av-1b1qb-a6d323ae6593c22b77347c363c200afd'   itemscope=\"itemscope\" itemtype=\"https:\/\/schema.org\/CreativeWork\" ><div class='avia_textblock'  itemprop=\"text\" ><p>1. Opakowanie tytoniu i przygotowanie kubka:<br \/>\nPrawid\u0142owe opakowanie i odpowiednia ilo\u015b\u0107 tytoniu mog\u0105 znacznie poprawi\u0107 doznania z palenia. Upewnij si\u0119 r\u00f3wnie\u017c, \u017ce stalowy kubek jest skierowany w odpowiedni\u0105 stron\u0119.<\/p>\n<\/div><\/section><\/p><\/div>\n<style type=\"text\/css\" data-created_by=\"avia_inline_auto\" id=\"style-css-av-49cqj-805bdd136b0b02cf9ef65f8ba6c2c84f\">\n.flex_column.av-49cqj-805bdd136b0b02cf9ef65f8ba6c2c84f{\nwidth:48.5%;\n}\n<\/style>\n<div  class='flex_column av-49cqj-805bdd136b0b02cf9ef65f8ba6c2c84f av_one_half  avia-builder-el-10  el_after_av_one_full  el_before_av_one_half  first flex_column_div  column-top-margin'     ><div  class='avia-video av-44nr7-e36cac76a2733e39b3c4e773ac805409 avia-video-16-9 av-html5-fullscreen-btn av-no-preview-image avia-video-load-always avia-video-html5'  itemprop=\"video\" itemtype=\"https:\/\/schema.org\/VideoObject\"  data-original_url='https:\/\/xkah.lt\/wp-content\/uploads\/2026\/01\/xkah-karscio-kamera.mp4'><video class='avia_video'    preload=\"auto\"  controls id='player_75_2040318016_1680995103'><source src='https:\/\/xkah.lt\/wp-content\/uploads\/2026\/01\/xkah-karscio-kamera.mp4' type='video\/mp4' \/><\/video><\/div><\/div>\n<style type=\"text\/css\" data-created_by=\"avia_inline_auto\" id=\"style-css-av-415af-cdbbf217ba17ba74e3b52ca5d97925e6\">\n.flex_column.av-415af-cdbbf217ba17ba74e3b52ca5d97925e6{\nwidth:48.5%;\nmargin-left:3%;\n}\n<\/style>\n<div  class='flex_column av-415af-cdbbf217ba17ba74e3b52ca5d97925e6 av_one_half  avia-builder-el-12  el_after_av_one_half  avia-builder-el-last  flex_column_div  column-top-margin'     ><div  class='avia-video av-3e0yj-85079f745b8e5558aade014e43c36280 avia-video-16-9 av-html5-fullscreen-btn av-no-preview-image avia-video-load-always avia-video-html5'  itemprop=\"video\" itemtype=\"https:\/\/schema.org\/VideoObject\"  data-original_url='https:\/\/xkah.lt\/wp-content\/uploads\/2026\/01\/xkah-nr1.mp4'><video class='avia_video'    preload=\"auto\"  controls id='player_75_687450257_1245685269'><source src='https:\/\/xkah.lt\/wp-content\/uploads\/2026\/01\/xkah-nr1.mp4' type='video\/mp4' \/><\/video><\/div><\/div><\/div><\/div><\/div><!-- close content main div --><\/div><\/div><div id='after_section_1'  class='main_color av_default_container_wrap container_wrap sidebar_right'  ><div class='container av-section-cont-open' ><div class='template-page content  av-content-small alpha units'><div class='post-entry post-entry-type-page post-entry-75'><div class='entry-content-wrapper clearfix'>\n<style type=\"text\/css\" data-created_by=\"avia_inline_auto\" id=\"style-css-av-2geb7-1023848a391b454c799db7e5984e7cd6\">\n.flex_column.av-2geb7-1023848a391b454c799db7e5984e7cd6{\npadding:10px 10px 10px 10px;\n}\n<\/style>\n<div  class='flex_column av-2geb7-1023848a391b454c799db7e5984e7cd6 av_one_full  avia-builder-el-14  el_after_av_section  el_before_av_one_third  avia-builder-el-first  first flex_column_div'     ><style type=\"text\/css\" data-created_by=\"avia_inline_auto\" id=\"style-css-av-mkhg89xa-fc79236d1879860f4c292945fdad892a\">\n#top .av_textblock_section.av-mkhg89xa-fc79236d1879860f4c292945fdad892a .avia_textblock{\nfont-size:17px;\n}\n<\/style>\n<section  class='av_textblock_section av-mkhg89xa-fc79236d1879860f4c292945fdad892a'   itemscope=\"itemscope\" itemtype=\"https:\/\/schema.org\/CreativeWork\" ><div class='avia_textblock'  itemprop=\"text\" ><p>2.Czyszczenie i konserwacja<br \/>\nPrawid\u0142owe czyszczenie pomaga zachowa\u0107 wydajno\u015b\u0107 i wyd\u0142u\u017cy\u0107 \u017cywotno\u015b\u0107 urz\u0105dzenia.<\/p>\n<p>Korpus urz\u0105dzenia: Nie p\u0142uka\u0107 wod\u0105. Zamiast tego, delikatnie oczy\u015bci\u0107 obszar grzewczy patyczkami kosmetycznymi nas\u0105czonymi alkoholem izopropylowym lub wod\u0105. Przed u\u017cyciem upewni\u0107 si\u0119, \u017ce urz\u0105dzenie jest ca\u0142kowicie suche.<\/p>\n<p>Podstawa: Podstaw\u0119 mo\u017cna my\u0107 pod wod\u0105. Przed monta\u017cem nale\u017cy upewni\u0107 si\u0119, \u017ce jest ca\u0142kowicie sucha.<\/p>\n<p>Bateria: Bateria nie powinna mie\u0107 kontaktu z wod\u0105. W razie potrzeby delikatnie przetrze\u0107 j\u0105 such\u0105 \u015bciereczk\u0105.<\/p>\n<p>Przed ponownym u\u017cyciem urz\u0105dzenia nale\u017cy zawsze upewni\u0107 si\u0119, \u017ce wszystkie cz\u0119\u015bci s\u0105 ca\u0142kowicie suche.<\/p>\n<\/div><\/section><\/div><\/p>\n\n<style type=\"text\/css\" data-created_by=\"avia_inline_auto\" id=\"style-css-av-y583-18b4bbccbb212a1ee8daab9ae8d1f04d\">\n.flex_column.av-y583-18b4bbccbb212a1ee8daab9ae8d1f04d{\nwidth:31.333333333333%;\n}\n<\/style>\n<div  class='flex_column av-y583-18b4bbccbb212a1ee8daab9ae8d1f04d av_one_third  avia-builder-el-16  el_after_av_one_full  el_before_av_one_third  first flex_column_div  column-top-margin'     ><div  class='avia-video av-mkh6nnwr-03aff71b01cdfe28a3959f2277b01f7b avia-video-16-9 av-html5-fullscreen-btn av-no-preview-image avia-video-load-always avia-video-html5'  itemprop=\"video\" itemtype=\"https:\/\/schema.org\/VideoObject\"  data-original_url='https:\/\/xkah.lt\/wp-content\/uploads\/2026\/01\/xkah-pro-taureles-plovimas.mp4'><video class='avia_video'    preload=\"auto\"  controls id='player_75_1554521704_1399620488'><source src='https:\/\/xkah.lt\/wp-content\/uploads\/2026\/01\/xkah-pro-taureles-plovimas.mp4' type='video\/mp4' \/><\/video><\/div><\/div>\n\n<style type=\"text\/css\" data-created_by=\"avia_inline_auto\" id=\"style-css-av-1ittn-bd5cc0fde184ab663bfb766f96d1136e\">\n.flex_column.av-1ittn-bd5cc0fde184ab663bfb766f96d1136e{\nwidth:31.333333333333%;\nmargin-left:3%;\n}\n<\/style>\n<div  class='flex_column av-1ittn-bd5cc0fde184ab663bfb766f96d1136e av_one_third  avia-builder-el-18  el_after_av_one_third  el_before_av_one_third  flex_column_div  column-top-margin'     ><div  class='avia-video av-mkhgd0j4-1f651a83f7afac3017b49543f4cd7970 avia-video-16-9 av-html5-fullscreen-btn av-no-preview-image avia-video-load-always avia-video-html5'  itemprop=\"video\" itemtype=\"https:\/\/schema.org\/VideoObject\"  data-original_url='https:\/\/xkah.lt\/wp-content\/uploads\/2026\/01\/xkah-korpuso-valymas.mp4'><video class='avia_video'    preload=\"auto\"  controls id='player_75_1285703178_1074676274'><source src='https:\/\/xkah.lt\/wp-content\/uploads\/2026\/01\/xkah-korpuso-valymas.mp4' type='video\/mp4' \/><\/video><\/div><\/div>\n\n<style type=\"text\/css\" data-created_by=\"avia_inline_auto\" id=\"style-css-av-33ef-65d2e33c575264551e1562f3b3699c38\">\n.flex_column.av-33ef-65d2e33c575264551e1562f3b3699c38{\nwidth:31.333333333333%;\nmargin-left:3%;\n}\n<\/style>\n<div  class='flex_column av-33ef-65d2e33c575264551e1562f3b3699c38 av_one_third  avia-builder-el-20  el_after_av_one_third  el_before_av_one_full  flex_column_div  column-top-margin'     ><div  class='avia-video av-mkhgdebh-eda57bd4282d6327037426eb4d3f3cc6 avia-video-16-9 av-html5-fullscreen-btn av-no-preview-image avia-video-load-always avia-video-html5'  itemprop=\"video\" itemtype=\"https:\/\/schema.org\/VideoObject\"  data-original_url='https:\/\/xkah.lt\/wp-content\/uploads\/2026\/01\/xkah-korpuso-sausinimas.mp4'><video class='avia_video'    preload=\"auto\"  controls id='player_75_1901185053_1121650782'><source src='https:\/\/xkah.lt\/wp-content\/uploads\/2026\/01\/xkah-korpuso-sausinimas.mp4' type='video\/mp4' \/><\/video><\/div><\/div>\n<div  class='flex_column av-1bs1j-cc4d041e95e3df9a4bf8dae7d7bbb933 av_one_full  avia-builder-el-22  el_after_av_one_third  avia-builder-el-last  first flex_column_div  column-top-margin'     ><p>\n<style type=\"text\/css\" data-created_by=\"avia_inline_auto\" id=\"style-css-av-mkhgfz70-2ab75a03faa911e28a64027ce6152f4e\">\n#top .av-special-heading.av-mkhgfz70-2ab75a03faa911e28a64027ce6152f4e{\npadding-bottom:10px;\n}\nbody .av-special-heading.av-mkhgfz70-2ab75a03faa911e28a64027ce6152f4e .av-special-heading-tag .heading-char{\nfont-size:25px;\n}\n.av-special-heading.av-mkhgfz70-2ab75a03faa911e28a64027ce6152f4e .av-subheading{\nfont-size:15px;\n}\n<\/style>\n<div  class='av-special-heading av-mkhgfz70-2ab75a03faa911e28a64027ce6152f4e av-special-heading-h2  avia-builder-el-23  el_before_av_textblock  avia-builder-el-first'><h2 class='av-special-heading-tag'  itemprop=\"headline\"  >Cz\u0119sto zadawane pytania dotycz\u0105ce gwarancji<\/h2><div class=\"special-heading-border\"><div class=\"special-heading-inner-border\"><\/div><\/div><\/div><br \/>\n\n<style type=\"text\/css\" data-created_by=\"avia_inline_auto\" id=\"style-css-av-mkhgh5dp-42a90c9caa06c30a5dc54268a5ccdf9f\">\n#top .av_textblock_section.av-mkhgh5dp-42a90c9caa06c30a5dc54268a5ccdf9f .avia_textblock{\nfont-size:17px;\n}\n<\/style>\n<section  class='av_textblock_section av-mkhgh5dp-42a90c9caa06c30a5dc54268a5ccdf9f'   itemscope=\"itemscope\" itemtype=\"https:\/\/schema.org\/CreativeWork\" ><div class='avia_textblock'  itemprop=\"text\" ><p><strong>Czy musz\u0119 p\u0142aci\u0107 za przesy\u0142k\u0119?<\/strong><br \/>\nJe\u015bli problem wynika z wady jako\u015bciowej produktu obj\u0119tej gwarancj\u0105, nie musisz p\u0142aci\u0107 za przesy\u0142k\u0119.<\/p>\n<p><strong>Czy musz\u0119 zwr\u00f3ci\u0107 wadliwy produkt?<\/strong><br \/>\nTak, w wi\u0119kszo\u015bci przypadk\u00f3w Xkah.us musi najpierw otrzyma\u0107 produkt, aby\u015bmy mogli go sprawdzi\u0107 i naprawi\u0107 lub wymieni\u0107.<\/p>\n<p><strong>Jak d\u0142ugi jest okres gwarancji w przypadku wysy\u0142ki z kraj\u00f3w ba\u0142tyckich?<\/strong><\/p>\n<p>Poniewa\u017c produkty wysy\u0142ane s\u0105 do Niemiec, dostarczenie ich do producenta zajmie oko\u0142o 7 dni, a do kraj\u00f3w ba\u0142tyckich tyle samo czasu zajmie dostarczenie produktu zast\u0119pczego.<\/p>\n<p><strong>Jak sprawdzi\u0107 czy produkt jest oryginalny?<\/strong><\/p>\n<p>XKAH.US ma stron\u0119 weryfikuj\u0105c\u0105 autentyczno\u015b\u0107 produkt\u00f3w \u2013 <a href=\"https:\/\/xkah.us\/pages\/product-authentication\" target=\"_blank\" rel=\"noopener\">Sprawd\u017a tutaj oryginalno\u015b\u0107 produktu.<\/a><\/p>\n<p><strong>Jak skontaktowa\u0107 si\u0119 z XKAH?<\/strong><\/p>\n<p>Mo\u017cna si\u0119 z nami skontaktowa\u0107 poprzez e-mail. <a href=\"mailto:info@xkah.us\">info@xkah.us<\/a> Lub <a href=\"https:\/\/xkah.us\/pages\/contact\" target=\"_blank\" rel=\"noopener\">w kontaktach<\/a>.<\/p>\n<\/div><\/section><\/p><\/div>","protected":false},"excerpt":{"rendered":"","protected":false},"author":1,"featured_media":30,"parent":0,"menu_order":0,"comment_status":"closed","ping_status":"closed","template":"","meta":{"footnotes":""},"class_list":["post-75","page","type-page","status-publish","has-post-thumbnail","hentry"],"_hostinger_reach_plugin_has_subscription_block":false,"_hostinger_reach_plugin_is_elementor":false,"_links":{"self":[{"href":"https:\/\/xkah.lt\/pl\/wp-json\/wp\/v2\/pages\/75","targetHints":{"allow":["GET"]}}],"collection":[{"href":"https:\/\/xkah.lt\/pl\/wp-json\/wp\/v2\/pages"}],"about":[{"href":"https:\/\/xkah.lt\/pl\/wp-json\/wp\/v2\/types\/page"}],"author":[{"embeddable":true,"href":"https:\/\/xkah.lt\/pl\/wp-json\/wp\/v2\/users\/1"}],"replies":[{"embeddable":true,"href":"https:\/\/xkah.lt\/pl\/wp-json\/wp\/v2\/comments?post=75"}],"version-history":[{"count":28,"href":"https:\/\/xkah.lt\/pl\/wp-json\/wp\/v2\/pages\/75\/revisions"}],"predecessor-version":[{"id":193,"href":"https:\/\/xkah.lt\/pl\/wp-json\/wp\/v2\/pages\/75\/revisions\/193"}],"wp:featuredmedia":[{"embeddable":true,"href":"https:\/\/xkah.lt\/pl\/wp-json\/wp\/v2\/media\/30"}],"wp:attachment":[{"href":"https:\/\/xkah.lt\/pl\/wp-json\/wp\/v2\/media?parent=75"}],"curies":[{"name":"wp","href":"https:\/\/api.w.org\/{rel}","templated":true}]}}